{"id":3090,"date":"2022-08-28T13:52:57","date_gmt":"2022-08-28T13:52:57","guid":{"rendered":"https:\/\/cranionudd.com\/?page_id=3090"},"modified":"2022-08-28T15:18:06","modified_gmt":"2022-08-28T15:18:06","slug":"craniosacral-integration","status":"publish","type":"page","link":"https:\/\/craniotap.com\/is\/craniosacral-integration\/","title":{"rendered":"H\u00f6fu\u00f0beina -og spjaldhryggsj\u00f6fnun"},"content":{"rendered":"","protected":false},"excerpt":{"rendered":"","protected":false},"author":2,"featured_media":0,"parent":0,"menu_order":0,"comment_status":"closed","ping_status":"closed","template":"wp-custom-template-craniosacral-integration","meta":{"footnotes":""},"class_list":["post-3090","page","type-page","status-publish","hentry"],"yoast_head":"<!-- This site is optimized with the Yoast SEO plugin v27.4 - https:\/\/yoast.com\/product\/yoast-seo-wordpress\/ -->\n<title>Craniosacral Integration - Mariposa Touch<\/title>\n<meta name=\"robots\" content=\"index, follow, max-snippet:-1, max-image-preview:large, max-video-preview:-1\" \/>\n<link rel=\"canonical\" href=\"https:\/\/cranionudd.com\/craniosacral-integration\/\" \/>\n<meta property=\"og:locale\" content=\"is_IS\" \/>\n<meta property=\"og:type\" content=\"article\" \/>\n<meta property=\"og:title\" content=\"Craniosacral Integration - Mariposa Touch\" \/>\n<meta property=\"og:url\" content=\"https:\/\/cranionudd.com\/craniosacral-integration\/\" \/>\n<meta property=\"og:site_name\" content=\"Mariposa Touch\" \/>\n<meta property=\"article:modified_time\" content=\"2022-08-28T15:18:06+00:00\" \/>\n<meta name=\"twitter:card\" content=\"summary_large_image\" \/>\n<script type=\"application\/ld+json\" class=\"yoast-schema-graph\">{\"@context\":\"https:\\\/\\\/schema.org\",\"@graph\":[{\"@type\":\"WebPage\",\"@id\":\"https:\\\/\\\/cranionudd.com\\\/craniosacral-integration\\\/\",\"url\":\"https:\\\/\\\/cranionudd.com\\\/craniosacral-integration\\\/\",\"name\":\"Craniosacral Integration - Mariposa Touch\",\"isPartOf\":{\"@id\":\"https:\\\/\\\/cranionudd.com\\\/#website\"},\"datePublished\":\"2022-08-28T13:52:57+00:00\",\"dateModified\":\"2022-08-28T15:18:06+00:00\",\"inLanguage\":\"is\",\"potentialAction\":[{\"@type\":\"ReadAction\",\"target\":[\"https:\\\/\\\/cranionudd.com\\\/craniosacral-integration\\\/\"]}]},{\"@type\":\"WebSite\",\"@id\":\"https:\\\/\\\/cranionudd.com\\\/#website\",\"url\":\"https:\\\/\\\/cranionudd.com\\\/\",\"name\":\"Shelagh CranioTap\",\"description\":\"\",\"publisher\":{\"@id\":\"https:\\\/\\\/cranionudd.com\\\/#\\\/schema\\\/person\\\/1b14452afa443ba9261df9221b6c74ba\"},\"potentialAction\":[{\"@type\":\"SearchAction\",\"target\":{\"@type\":\"EntryPoint\",\"urlTemplate\":\"https:\\\/\\\/cranionudd.com\\\/?s={search_term_string}\"},\"query-input\":{\"@type\":\"PropertyValueSpecification\",\"valueRequired\":true,\"valueName\":\"search_term_string\"}}],\"inLanguage\":\"is\"},{\"@type\":[\"Person\",\"Organization\"],\"@id\":\"https:\\\/\\\/cranionudd.com\\\/#\\\/schema\\\/person\\\/1b14452afa443ba9261df9221b6c74ba\",\"name\":\"Shelagh\",\"image\":{\"@type\":\"ImageObject\",\"inLanguage\":\"is\",\"@id\":\"https:\\\/\\\/craniotap.com\\\/wp-content\\\/uploads\\\/2022\\\/08\\\/rev8-03-3-3.png\",\"url\":\"https:\\\/\\\/craniotap.com\\\/wp-content\\\/uploads\\\/2022\\\/08\\\/rev8-03-3-3.png\",\"contentUrl\":\"https:\\\/\\\/craniotap.com\\\/wp-content\\\/uploads\\\/2022\\\/08\\\/rev8-03-3-3.png\",\"width\":4166,\"height\":801,\"caption\":\"Shelagh\"},\"logo\":{\"@id\":\"https:\\\/\\\/craniotap.com\\\/wp-content\\\/uploads\\\/2022\\\/08\\\/rev8-03-3-3.png\"}}]}<\/script>\n<!-- \/ Yoast SEO plugin. -->","yoast_head_json":{"title":"Craniosacral Integration - Mariposa Touch","robots":{"index":"index","follow":"follow","max-snippet":"max-snippet:-1","max-image-preview":"max-image-preview:large","max-video-preview":"max-video-preview:-1"},"canonical":"https:\/\/cranionudd.com\/craniosacral-integration\/","og_locale":"is_IS","og_type":"article","og_title":"Craniosacral Integration - Mariposa Touch","og_url":"https:\/\/cranionudd.com\/craniosacral-integration\/","og_site_name":"Mariposa Touch","article_modified_time":"2022-08-28T15:18:06+00:00","twitter_card":"summary_large_image","schema":{"@context":"https:\/\/schema.org","@graph":[{"@type":"WebPage","@id":"https:\/\/cranionudd.com\/craniosacral-integration\/","url":"https:\/\/cranionudd.com\/craniosacral-integration\/","name":"Craniosacral Integration - Mariposa Touch","isPartOf":{"@id":"https:\/\/cranionudd.com\/#website"},"datePublished":"2022-08-28T13:52:57+00:00","dateModified":"2022-08-28T15:18:06+00:00","inLanguage":"is","potentialAction":[{"@type":"ReadAction","target":["https:\/\/cranionudd.com\/craniosacral-integration\/"]}]},{"@type":"WebSite","@id":"https:\/\/cranionudd.com\/#website","url":"https:\/\/cranionudd.com\/","name":"Shelagh CranioTap","description":"","publisher":{"@id":"https:\/\/cranionudd.com\/#\/schema\/person\/1b14452afa443ba9261df9221b6c74ba"},"potentialAction":[{"@type":"SearchAction","target":{"@type":"EntryPoint","urlTemplate":"https:\/\/cranionudd.com\/?s={search_term_string}"},"query-input":{"@type":"PropertyValueSpecification","valueRequired":true,"valueName":"search_term_string"}}],"inLanguage":"is"},{"@type":["Person","Organization"],"@id":"https:\/\/cranionudd.com\/#\/schema\/person\/1b14452afa443ba9261df9221b6c74ba","name":"Shelagh","image":{"@type":"ImageObject","inLanguage":"is","@id":"https:\/\/craniotap.com\/wp-content\/uploads\/2022\/08\/rev8-03-3-3.png","url":"https:\/\/craniotap.com\/wp-content\/uploads\/2022\/08\/rev8-03-3-3.png","contentUrl":"https:\/\/craniotap.com\/wp-content\/uploads\/2022\/08\/rev8-03-3-3.png","width":4166,"height":801,"caption":"Shelagh"},"logo":{"@id":"https:\/\/craniotap.com\/wp-content\/uploads\/2022\/08\/rev8-03-3-3.png"}}]}},"_links":{"self":[{"href":"https:\/\/craniotap.com\/is\/wp-json\/wp\/v2\/pages\/3090","targetHints":{"allow":["GET"]}}],"collection":[{"href":"https:\/\/craniotap.com\/is\/wp-json\/wp\/v2\/pages"}],"about":[{"href":"https:\/\/craniotap.com\/is\/wp-json\/wp\/v2\/types\/page"}],"author":[{"embeddable":true,"href":"https:\/\/craniotap.com\/is\/wp-json\/wp\/v2\/users\/2"}],"replies":[{"embeddable":true,"href":"https:\/\/craniotap.com\/is\/wp-json\/wp\/v2\/comments?post=3090"}],"version-history":[{"count":1,"href":"https:\/\/craniotap.com\/is\/wp-json\/wp\/v2\/pages\/3090\/revisions"}],"predecessor-version":[{"id":3096,"href":"https:\/\/craniotap.com\/is\/wp-json\/wp\/v2\/pages\/3090\/revisions\/3096"}],"wp:attachment":[{"href":"https:\/\/craniotap.com\/is\/wp-json\/wp\/v2\/media?parent=3090"}],"curies":[{"name":"wp","href":"https:\/\/api.w.org\/{rel}","templated":true}]}}